{"id":122,"date":"2023-09-08T15:18:17","date_gmt":"2023-09-08T13:18:17","guid":{"rendered":"https:\/\/ambtripoli.esteri.it\/?page_id=122"},"modified":"2023-11-19T20:07:09","modified_gmt":"2023-11-19T18:07:09","slug":"contatti","status":"publish","type":"page","link":"https:\/\/ambtripoli.esteri.it\/it\/chi-siamo\/contatti\/","title":{"rendered":"Contatti"},"content":{"rendered":"<p><strong>AMBASCIATA D\u2019ITALIA IN LIBIA<\/strong><\/p>\n<p>L&#8217;indirizzo dell&#8217;Ambasciata d&#8217;Italia in Libia \u00e8 Shara Uahran, 1 Tripoli Libia P.O. Box 912<\/p>\n<p>Tel: 00218213334131 \u2013\u00a0Si fa presente che, a causa della altalenante tenuta dei collegamenti telefonici in Libia, i tentativi di contattare la Sede attraverso la linea fissa potrebbero risultare vani e i telefoni potrebbero, di conseguenza, dare l\u2019impressione di squillare a vuoto. Si chiede, pertanto, di privilegiare l\u2019utilizzo della mail o del recapito cellulare, rintracciabile dall\u2019iniziale \u201c002189\u201d del numero telefonico.<\/p>\n<p>E-mail:\u00a0\u00a0<a href=\"mailto:ambasciata.tripoli@esteri.it\">ambasciata.tripoli@esteri.it<\/a><\/p>\n<p>PEC:\u00a0<a href=\"mailto:amb.tripoli@cert.esteri.it\">amb.tripoli@cert.esteri.it<\/a><\/p>\n<p><strong>Sezione visti e consolare<\/strong><\/p>\n<p>La Sezione Visti dell\u2019Ambasciata d\u2019Italia in Libia \u00e8 operativa dalle ore 09.30 alle ore 15.30, dalla Domenica al Gioved\u00ec. La Sezione Visti \u00e8 contattabile, negli orari e giorni indicati, al numero di telefono:\u00a000218917134374<\/p>\n<p>Per ogni informazione e richiesta, la Sezione Visti \u00e8 raggiungibile all\u2019indirizzo mail:\u00a0\u00a0<a href=\"mailto:tripoli.visa@esteri.it\">tripoli.visa@esteri.it\u00a0<\/a><\/p>\n<p>La Sezione Consolare \u00e8 raggiungibile all\u2019indirizzo email\u00a0<a href=\"mailto:consolato.tripoli@esteri.it\">consolato.tripoli@esteri.it<\/a>\u00a0o PEC\u00a0<a href=\"mailto:con.tripoli@cert.esteri.it\">con.tripoli@cert.esteri.it\u00a0<\/a><\/p>\n<p><strong>Consolato Generale d&#8217;Italia a Bengasi<\/strong><\/p>\n<p>Il Consolato Generale d&#8217;Italia a Bengasi pu\u00f2 essere contattato all&#8217;indirizzo email <a class=\"focus--mouse\" href=\"mailto:consolato.bengasi@esteri.it\" data-focus-mouse=\"true\">consolato.bengasi@esteri.it<\/a><\/p>\n","protected":false},"excerpt":{"rendered":"AMBASCIATA D\u2019ITALIA IN LIBIA L&#8217;indirizzo dell&#8217;Ambasciata d&#8217;Italia in Libia \u00e8 Shara Uahran, 1 Tripoli Libia P.O. Box 912 Tel: 00218213334131 \u2013\u00a0Si fa presente che, a causa della altalenante tenuta dei collegamenti telefonici in Libia, i tentativi di contattare la Sede attraverso la linea fissa potrebbero risultare vani e i telefoni potrebbero, di conseguenza, dare l\u2019impressione [&hellip;]","protected":false},"author":1,"featured_media":0,"parent":13,"menu_order":4,"comment_status":"closed","ping_status":"closed","template":"","meta":{"footnotes":""},"class_list":["post-122","page","type-page","status-publish","hentry"],"_links":{"self":[{"href":"https:\/\/ambtripoli.esteri.it\/it\/wp-json\/wp\/v2\/pages\/122","targetHints":{"allow":["GET"]}}],"collection":[{"href":"https:\/\/ambtripoli.esteri.it\/it\/wp-json\/wp\/v2\/pages"}],"about":[{"href":"https:\/\/ambtripoli.esteri.it\/it\/wp-json\/wp\/v2\/types\/page"}],"author":[{"embeddable":true,"href":"https:\/\/ambtripoli.esteri.it\/it\/wp-json\/wp\/v2\/users\/1"}],"replies":[{"embeddable":true,"href":"https:\/\/ambtripoli.esteri.it\/it\/wp-json\/wp\/v2\/comments?post=122"}],"version-history":[{"count":4,"href":"https:\/\/ambtripoli.esteri.it\/it\/wp-json\/wp\/v2\/pages\/122\/revisions"}],"predecessor-version":[{"id":337,"href":"https:\/\/ambtripoli.esteri.it\/it\/wp-json\/wp\/v2\/pages\/122\/revisions\/337"}],"up":[{"embeddable":true,"href":"https:\/\/ambtripoli.esteri.it\/it\/wp-json\/wp\/v2\/pages\/13"}],"wp:attachment":[{"href":"https:\/\/ambtripoli.esteri.it\/it\/wp-json\/wp\/v2\/media?parent=122"}],"curies":[{"name":"wp","href":"https:\/\/api.w.org\/{rel}","templated":true}]}}