{"id":40,"date":"2023-04-11T18:01:19","date_gmt":"2023-04-11T16:01:19","guid":{"rendered":"https:\/\/ambasciatapraga.esteri.it\/?page_id=40"},"modified":"2026-04-07T18:25:23","modified_gmt":"2026-04-07T16:25:23","slug":"gli-uffici","status":"publish","type":"page","link":"https:\/\/ambtripoli.esteri.it\/it\/chi-siamo\/gli-uffici\/","title":{"rendered":"Gli Uffici"},"content":{"rendered":"<p><strong>AMBASCIATA D\u2019ITALIA IN LIBIA<\/strong><\/p>\n<p>Shara Uahran, 1<br \/>\nTripoli Libia<br \/>\nP.O. Box 912<\/p>\n<p>Tel: 00218213334131 &#8211;\u00a0Si fa presente che, a causa della altalenante tenuta dei collegamenti telefonici in Libia, i tentativi di contattare la Sede attraverso la linea fissa potrebbero risultare vani e i telefoni potrebbero, di conseguenza, dare l\u2019impressione di squillare a vuoto. Si chiede, pertanto, di privilegiare l\u2019utilizzo della mail o del recapito cellulare, rintracciabile dall\u2019iniziale \u201c002189\u201d del numero telefonico.<\/p>\n<p>E-mail:\u00a0\u00a0<a href=\"mailto:ambasciata.tripoli@esteri.it\">ambasciata.tripoli@esteri.it<\/a><\/p>\n<p>PEC:\u00a0<a href=\"mailto:amb.tripoli@cert.esteri.it\">amb.tripoli@cert.esteri.it<\/a><\/p>\n<p>&nbsp;<\/p>\n<p><strong>Sezione visti<\/strong><\/p>\n<p>La Sezione Visti dell&#8217;Ambasciata d&#8217;Italia in Libia \u00e8 operativa dalle ore 09.30 alle ore 15.30, dalla Domenica al Gioved\u00ec. La Sezione Visti \u00e8 contattabile, negli orari e giorni indicati, al numero di telefono:\u00a000218917134374<\/p>\n<p>Per ogni informazione e richiesta, la Sezione Visti \u00e8 raggiungibile all&#8217;indirizzo mail:\u00a0\u00a0<a href=\"mailto:tripoli.visa@esteri.it\">tripoli.visa@esteri.it<\/a><\/p>\n<p>La Sezione Consolare \u00e8 raggiungibile all&#8217;indirizzo email\u00a0<a href=\"mailto:consolato.tripoli@esteri.it\">consolato.tripoli@esteri.it<\/a>\u00a0o PEC\u00a0<a href=\"mailto:con.tripoli@cert.esteri.it\">con.tripoli@cert.esteri.it<\/a><\/p>\n<p>&nbsp;<\/p>\n<p><strong>Ambasciatore \u00a0 \u00a0 \u00a0<\/strong><\/p>\n<p>Gianluca Alberini<\/p>\n<p>&nbsp;<\/p>\n<p><strong>Vice Capo Missione<\/strong><\/p>\n<p>Riccardo Villa<\/p>\n<p>&nbsp;<\/p>\n<p><strong>Ufficio Cooperazione, Culturale e Stampa<\/strong><\/p>\n<p>Matteo Ievolella<\/p>\n<p>&nbsp;<\/p>\n<p><strong>Ufficio Economico &#8211; Commerciale<\/strong><\/p>\n<p>Fabio Giudice<\/p>\n<p><a href=\"mailto:tripoli.commerciale@esteri.it\">tripoli.commerciale@esteri.it<\/a><\/p>\n<p>&nbsp;<\/p>\n<p><strong>Consolare e Visti<\/strong><\/p>\n<p>Cesare Trecroci<\/p>\n<p>&nbsp;<\/p>\n<p><strong>Addetto per la Difesa<\/strong><\/p>\n<p>C.V. Massimiliano Grazioso<\/p>\n<p>&nbsp;<\/p>\n<p><strong>Addetto Culturale\u00a0<\/strong><\/p>\n<p>Salvatore Schirmo<\/p>\n<p>&nbsp;<\/p>\n<p><strong>Agenzia ICE (Istituto Commercio Estero)<\/strong><\/p>\n<p>Direttore Simona Autuori<\/p>\n<p><a href=\"mailto:desktripoli@ice.it\">desktripoli@ice.it<\/a><\/p>\n<p>web:\u00a0<a href=\"https:\/\/www.ice.it\/it\/mercati\/libia\">https:\/\/www.ice.it\/it\/mercati\/libia<\/a><\/p>\n<p>&nbsp;<\/p>\n<p><strong>Consolato Generale a Bengasi\u00a0<\/strong><\/p>\n<p><strong>Il Console Generale<\/strong><\/p>\n<p>Filippo Colombo<\/p>\n<p><a href=\"mailto:consolato.bengasi@esteri.it\">consolato.bengasi@esteri.it<\/a><\/p>\n<p>&nbsp;<\/p>\n<p><strong>Consolato Onorario in Tobruq<\/strong><\/p>\n<p><strong>Il Console Onorario<\/strong><\/p>\n<p>Hussein El Mabruk<\/p>\n<p><a href=\"mailto:tobruq.onorario@esteri.it\">tobruq.onorario@esteri.it<\/a><br \/>\n<a href=\"https:\/\/ambtripoli.esteri.it\/wp-content\/uploads\/2023\/11\/estratto_dlf_co_el_mabruk_tobruq_libia.doc\">Decreto di Limitazione di funzioni del titolare del Consolato Onorario in Tobruq\u00a0<\/a><\/p>\n<p>&nbsp;<\/p>\n<p>Per l&#8217;anno 2026, l&#8217;Ambasciata d&#8217;Italia in Libia osserver\u00e0 le seguenti Festivit\u00e0:<\/p>\n<p>&#8211; 01 gennaio CAPODANNO<\/p>\n<p>&#8211; 17 febbraio ANNIVERSARIO RIVOLUZIONE LIBICA<\/p>\n<p>&#8211; 20 marzo AID EL FITR (FESTA MOBILE)<\/p>\n<p>&#8211; 5 aprile PASQUA<\/p>\n<p>&#8211; 6 aprile LUNEDI DELL&#8217;ANGELO<\/p>\n<p>&#8211; 25 aprile ANNIVERSARIO DELLA LIBERAZIONE D&#8217;ITALIA<\/p>\n<p>&#8211; 01 maggio FESTA DEL LAVORO<\/p>\n<p>&#8211; 27 maggio AID EL ADHA (FESTA MOBILE)<\/p>\n<p>&#8211; 02 giugno FESTA DELLA REPUBBLICA ITALIANA<\/p>\n<p>-04 ottobre S. FRANCESCO<\/p>\n<p>&#8211; 25 dicembre NATALE<\/p>\n<p>&#8211; 26 dicembre SANTO STEFANO<\/p>\n<p>&nbsp;<\/p>\n","protected":false},"excerpt":{"rendered":"AMBASCIATA D\u2019ITALIA IN LIBIA Shara Uahran, 1 Tripoli Libia P.O. Box 912 Tel: 00218213334131 &#8211;\u00a0Si fa presente che, a causa della altalenante tenuta dei collegamenti telefonici in Libia, i tentativi di contattare la Sede attraverso la linea fissa potrebbero risultare vani e i telefoni potrebbero, di conseguenza, dare l\u2019impressione di squillare a vuoto. Si chiede, [&hellip;]","protected":false},"author":1,"featured_media":0,"parent":13,"menu_order":4,"comment_status":"closed","ping_status":"closed","template":"","meta":{"footnotes":""},"class_list":["post-40","page","type-page","status-publish","hentry"],"_links":{"self":[{"href":"https:\/\/ambtripoli.esteri.it\/it\/wp-json\/wp\/v2\/pages\/40","targetHints":{"allow":["GET"]}}],"collection":[{"href":"https:\/\/ambtripoli.esteri.it\/it\/wp-json\/wp\/v2\/pages"}],"about":[{"href":"https:\/\/ambtripoli.esteri.it\/it\/wp-json\/wp\/v2\/types\/page"}],"author":[{"embeddable":true,"href":"https:\/\/ambtripoli.esteri.it\/it\/wp-json\/wp\/v2\/users\/1"}],"replies":[{"embeddable":true,"href":"https:\/\/ambtripoli.esteri.it\/it\/wp-json\/wp\/v2\/comments?post=40"}],"version-history":[{"count":6,"href":"https:\/\/ambtripoli.esteri.it\/it\/wp-json\/wp\/v2\/pages\/40\/revisions"}],"predecessor-version":[{"id":1960,"href":"https:\/\/ambtripoli.esteri.it\/it\/wp-json\/wp\/v2\/pages\/40\/revisions\/1960"}],"up":[{"embeddable":true,"href":"https:\/\/ambtripoli.esteri.it\/it\/wp-json\/wp\/v2\/pages\/13"}],"wp:attachment":[{"href":"https:\/\/ambtripoli.esteri.it\/it\/wp-json\/wp\/v2\/media?parent=40"}],"curies":[{"name":"wp","href":"https:\/\/api.w.org\/{rel}","templated":true}]}}