{"id":42,"date":"2023-04-11T18:08:31","date_gmt":"2023-04-11T16:08:31","guid":{"rendered":"https:\/\/ambasciatapraga.esteri.it\/?page_id=42"},"modified":"2023-11-19T20:05:26","modified_gmt":"2023-11-19T18:05:26","slug":"la-rete-consolare","status":"publish","type":"page","link":"https:\/\/ambtripoli.esteri.it\/it\/chi-siamo\/la-rete-consolare\/","title":{"rendered":"La Rete Consolare"},"content":{"rendered":"<p>La circoscrizione consolare della <strong>Cancelleria Consolare dell\u2019Ambasciata d\u2019Italia a Tripoli<\/strong> comprende le Baladiye di Tripoli, Nigat al-Khams, al-Jebel al Gharbi, Shararah e Golfo della Sirte.<\/p>\n<p>La Sezione Visti dell\u2019Ambasciata d\u2019Italia in Libia \u00e8 operativa dalle ore 09.30 alle ore 15.30, dalla Domenica al Gioved\u00ec. La Sezione Visti \u00e8 contattabile, negli orari e giorni indicati, al numero di telefono: 00218917134374<\/p>\n<p>Per ogni informazione e richiesta, la Sezione Visti \u00e8 raggiungibile all\u2019indirizzo mail: <a href=\"mailto:tripoli.visa@esteri.it\">tripoli.visa@esteri.it<\/a><\/p>\n<p>La Sezione Consolare \u00e8 raggiungibile all\u2019indirizzo email <a href=\"mailto:consolato.tripoli@esteri.it\">consolato.tripoli@esteri.it<\/a> o PEC <a href=\"mailto:con.tripoli@cert.esteri.it\">con.tripoli@cert.esteri.it<\/a><\/p>\n<p>La circoscrizione consolare del <strong>Consolato Generale d\u2019Italia a Bengasi<\/strong> comprende le Baladye di Bayan al-Awwal e al-Jebel al-Akhdhar. Il Consolato Generale a Bengasi pu\u00f2 essere contattato all\u2019indirizzo email <a href=\"mailto:consolato.bengasi@esteri.it\">consolato.bengasi@esteri.it<\/a><\/p>\n","protected":false},"excerpt":{"rendered":"La circoscrizione consolare della Cancelleria Consolare dell\u2019Ambasciata d\u2019Italia a Tripoli comprende le Baladiye di Tripoli, Nigat al-Khams, al-Jebel al Gharbi, Shararah e Golfo della Sirte. La Sezione Visti dell\u2019Ambasciata d\u2019Italia in Libia \u00e8 operativa dalle ore 09.30 alle ore 15.30, dalla Domenica al Gioved\u00ec. La Sezione Visti \u00e8 contattabile, negli orari e giorni indicati, al [&hellip;]","protected":false},"author":1,"featured_media":0,"parent":13,"menu_order":8,"comment_status":"closed","ping_status":"closed","template":"","meta":{"footnotes":""},"class_list":["post-42","page","type-page","status-publish","hentry"],"_links":{"self":[{"href":"https:\/\/ambtripoli.esteri.it\/it\/wp-json\/wp\/v2\/pages\/42","targetHints":{"allow":["GET"]}}],"collection":[{"href":"https:\/\/ambtripoli.esteri.it\/it\/wp-json\/wp\/v2\/pages"}],"about":[{"href":"https:\/\/ambtripoli.esteri.it\/it\/wp-json\/wp\/v2\/types\/page"}],"author":[{"embeddable":true,"href":"https:\/\/ambtripoli.esteri.it\/it\/wp-json\/wp\/v2\/users\/1"}],"replies":[{"embeddable":true,"href":"https:\/\/ambtripoli.esteri.it\/it\/wp-json\/wp\/v2\/comments?post=42"}],"version-history":[{"count":4,"href":"https:\/\/ambtripoli.esteri.it\/it\/wp-json\/wp\/v2\/pages\/42\/revisions"}],"predecessor-version":[{"id":335,"href":"https:\/\/ambtripoli.esteri.it\/it\/wp-json\/wp\/v2\/pages\/42\/revisions\/335"}],"up":[{"embeddable":true,"href":"https:\/\/ambtripoli.esteri.it\/it\/wp-json\/wp\/v2\/pages\/13"}],"wp:attachment":[{"href":"https:\/\/ambtripoli.esteri.it\/it\/wp-json\/wp\/v2\/media?parent=42"}],"curies":[{"name":"wp","href":"https:\/\/api.w.org\/{rel}","templated":true}]}}